{"id":139,"date":"2019-04-08T11:57:50","date_gmt":"2019-04-08T09:57:50","guid":{"rendered":"http:\/\/preview.milus.info\/svs\/?page_id=139"},"modified":"2022-02-24T08:00:15","modified_gmt":"2022-02-24T07:00:15","slug":"gallerie-2","status":"publish","type":"page","link":"https:\/\/svs-eisleben.de\/index.php\/gallerie-2\/","title":{"rendered":"Galerie"},"content":{"rendered":"\n<h2 class=\"wp-block-heading\">MTW \/ MTF<\/h2>\n\n\n\n<p>Aufbau nach Ihren Bed\u00fcrfnissen und Vorstellungen. <\/p>\n\n\n\nngg_shortcode_0_placeholder\n\n\n\n<h2 class=\"wp-block-heading\">Modernisierung<\/h2>\n\n\n\n<p>Ob Instandsetzung oder Austausch ihrer Sondersignalanlage,  Aufarbeitung von Gebrauchtfahrzeugen, uns Nachr\u00fcstung von neuen Ausr\u00fcstungsgegenst\u00e4nde gern stehen wir Ihnen zur Seite.<\/p>\n\n\n\nngg_shortcode_1_placeholder\n\n\n\n<h2 class=\"wp-block-heading\">KdoW<\/h2>\n\n\n\n<p>Kommandowagen <\/p>\n\n\n\nngg_shortcode_2_placeholder\n\n\n\n<h2 class=\"wp-block-heading\">MZF<\/h2>\n\n\n\n<p>Mehrzweckfahrzeuge<\/p>\n\n\n\nngg_shortcode_3_placeholder\n\n\n\n<h2 class=\"wp-block-heading\">Polizei<\/h2>\n\n\n\nngg_shortcode_4_placeholder\n\n\n\n<h2 class=\"wp-block-heading\">Sonderl\u00f6sungen<\/h2>\n\n\n\n<p>Sie haben genaue Vorstellungen und finden keine L\u00f6sung? Gern helfen wir Ihnen.<\/p>\n\n\n\nngg_shortcode_5_placeholder\n\n\n\n<h2 class=\"wp-block-heading\">ELW<\/h2>\n\n\n\n<p>Einsatzleitwagen<\/p>\n\n\n\nngg_shortcode_6_placeholder\n\n\n\n<h2 class=\"wp-block-heading\">Regaleinbauten<\/h2>\n\n\n\n<p>Wird fertigen ihnen Regale nach ihren Bed\u00fcrfnissen und W\u00fcnschen.<\/p>\n\n\n\nngg_shortcode_7_placeholder\n\n\n\n<h2 class=\"wp-block-heading\">Tischeinbauten<\/h2>\n\n\n\n<p>Ob Klapptisch oder fest verbauter Tisch gern gehen wir auf Ihre Anforderungen ein.<\/p>\n\n\n\nngg_shortcode_8_placeholder\n","protected":false},"excerpt":{"rendered":"<p>MTW \/ MTF Aufbau nach Ihren Bed\u00fcrfnissen und Vorstellungen. Modernisierung Ob Instandsetzung oder Austausch ihrer Sondersignalanlage, Aufarbeitung von Gebrauchtfahrzeugen, uns Nachr\u00fcstung von neuen Ausr\u00fcstungsgegenst\u00e4nde gern stehen wir Ihnen zur Seite. KdoW Kommandowagen MZF Mehrzweckfahrzeuge Polizei Sonderl\u00f6sungen Sie haben genaue Vorstellungen und finden keine L\u00f6sung? Gern helfen wir Ihnen. ELW Einsatzleitwagen Regaleinbauten Wird fertigen ihnen Regale &hellip; <\/p>\n<p class=\"link-more\"><a href=\"https:\/\/svs-eisleben.de\/index.php\/gallerie-2\/\" class=\"more-link\"><span class=\"screen-reader-text\">\u201eGalerie\u201c <\/span>weiterlesen<\/a><\/p>\n","protected":false},"author":1,"featured_media":0,"parent":0,"menu_order":0,"comment_status":"closed","ping_status":"closed","template":"","meta":{"ngg_post_thumbnail":0,"footnotes":""},"class_list":["post-139","page","type-page","status-publish","hentry"],"_links":{"self":[{"href":"https:\/\/svs-eisleben.de\/index.php\/wp-json\/wp\/v2\/pages\/139","targetHints":{"allow":["GET"]}}],"collection":[{"href":"https:\/\/svs-eisleben.de\/index.php\/wp-json\/wp\/v2\/pages"}],"about":[{"href":"https:\/\/svs-eisleben.de\/index.php\/wp-json\/wp\/v2\/types\/page"}],"author":[{"embeddable":true,"href":"https:\/\/svs-eisleben.de\/index.php\/wp-json\/wp\/v2\/users\/1"}],"replies":[{"embeddable":true,"href":"https:\/\/svs-eisleben.de\/index.php\/wp-json\/wp\/v2\/comments?post=139"}],"version-history":[{"count":20,"href":"https:\/\/svs-eisleben.de\/index.php\/wp-json\/wp\/v2\/pages\/139\/revisions"}],"predecessor-version":[{"id":634,"href":"https:\/\/svs-eisleben.de\/index.php\/wp-json\/wp\/v2\/pages\/139\/revisions\/634"}],"wp:attachment":[{"href":"https:\/\/svs-eisleben.de\/index.php\/wp-json\/wp\/v2\/media?parent=139"}],"curies":[{"name":"wp","href":"https:\/\/api.w.org\/{rel}","templated":true}]}}