{"id":168,"date":"2019-04-08T11:56:12","date_gmt":"2019-04-08T09:56:12","guid":{"rendered":"http:\/\/preview.milus.info\/svs\/?page_id=168"},"modified":"2021-06-10T11:53:18","modified_gmt":"2021-06-10T09:53:18","slug":"mitarbeiter","status":"publish","type":"page","link":"https:\/\/svs-eisleben.de\/index.php\/mitarbeiter\/","title":{"rendered":"Mitarbeiter"},"content":{"rendered":"\n<div class=\"wp-block-media-text alignwide has-media-on-the-right\"><figure class=\"wp-block-media-text__media\"><img loading=\"lazy\" decoding=\"async\" width=\"614\" height=\"850\" src=\"http:\/\/preview.milus.info\/svs\/wp-content\/uploads\/Sascha.jpg\" alt=\"\" class=\"wp-image-169\" srcset=\"https:\/\/svs-eisleben.de\/wp-content\/uploads\/Sascha.jpg 614w, https:\/\/svs-eisleben.de\/wp-content\/uploads\/Sascha-217x300.jpg 217w\" sizes=\"auto, (max-width: 614px) 100vw, 614px\" \/><\/figure><div class=\"wp-block-media-text__content\">\n<p class=\"has-large-font-size\">Sascha Voigt<\/p>\n\n\n\n<p>Firmeninhaber<\/p>\n\n\n\n<ul class=\"wp-block-list\"><li>Geboren am: 13.12.1988<\/li><li>Kfz Handwerksmeister<\/li><li>Fachmonteur Digitalfunk<\/li><li>Ehrenamtlicher Feuerwehrmann<\/li><li>Seit 2009 im Sonderfahrzeugbau t\u00e4tig<\/li><\/ul>\n<\/div><\/div>\n\n\n\n<hr class=\"wp-block-separator\"\/>\n\n\n\n<div class=\"wp-block-media-text alignwide has-media-on-the-right\"><figure class=\"wp-block-media-text__media\"><img loading=\"lazy\" decoding=\"async\" width=\"614\" height=\"850\" src=\"http:\/\/preview.milus.info\/svs\/wp-content\/uploads\/Roland.jpg\" alt=\"\" class=\"wp-image-170\" srcset=\"https:\/\/svs-eisleben.de\/wp-content\/uploads\/Roland.jpg 614w, https:\/\/svs-eisleben.de\/wp-content\/uploads\/Roland-217x300.jpg 217w\" sizes=\"auto, (max-width: 614px) 100vw, 614px\" \/><\/figure><div class=\"wp-block-media-text__content\">\n<p class=\"has-large-font-size\">Roland Voigt<\/p>\n\n\n\n<p>Technischer Angestellter <\/p>\n\n\n\n<ul class=\"wp-block-list\"><li>Geboren am: 01.07.1962<\/li><li>Diplom Ingenieur Maschinenbau<\/li><li>Seit \u00fcber 20 Jahren im Sonderfahrzeugbau t\u00e4tig<\/li><\/ul>\n<\/div><\/div>\n","protected":false},"excerpt":{"rendered":"<p>Sascha Voigt Firmeninhaber Geboren am: 13.12.1988 Kfz Handwerksmeister Fachmonteur Digitalfunk Ehrenamtlicher Feuerwehrmann Seit 2009 im Sonderfahrzeugbau t\u00e4tig Roland Voigt Technischer Angestellter Geboren am: 01.07.1962 Diplom Ingenieur Maschinenbau Seit \u00fcber 20 Jahren im Sonderfahrzeugbau t\u00e4tig<\/p>\n","protected":false},"author":1,"featured_media":0,"parent":0,"menu_order":0,"comment_status":"closed","ping_status":"closed","template":"","meta":{"ngg_post_thumbnail":0,"footnotes":""},"class_list":["post-168","page","type-page","status-publish","hentry"],"_links":{"self":[{"href":"https:\/\/svs-eisleben.de\/index.php\/wp-json\/wp\/v2\/pages\/168","targetHints":{"allow":["GET"]}}],"collection":[{"href":"https:\/\/svs-eisleben.de\/index.php\/wp-json\/wp\/v2\/pages"}],"about":[{"href":"https:\/\/svs-eisleben.de\/index.php\/wp-json\/wp\/v2\/types\/page"}],"author":[{"embeddable":true,"href":"https:\/\/svs-eisleben.de\/index.php\/wp-json\/wp\/v2\/users\/1"}],"replies":[{"embeddable":true,"href":"https:\/\/svs-eisleben.de\/index.php\/wp-json\/wp\/v2\/comments?post=168"}],"version-history":[{"count":3,"href":"https:\/\/svs-eisleben.de\/index.php\/wp-json\/wp\/v2\/pages\/168\/revisions"}],"predecessor-version":[{"id":563,"href":"https:\/\/svs-eisleben.de\/index.php\/wp-json\/wp\/v2\/pages\/168\/revisions\/563"}],"wp:attachment":[{"href":"https:\/\/svs-eisleben.de\/index.php\/wp-json\/wp\/v2\/media?parent=168"}],"curies":[{"name":"wp","href":"https:\/\/api.w.org\/{rel}","templated":true}]}}