{"id":2,"date":"2018-05-13T17:50:41","date_gmt":"2018-05-13T15:50:41","guid":{"rendered":"http:\/\/preview.milus.info\/svs\/?page_id=2"},"modified":"2022-03-22T14:42:52","modified_gmt":"2022-03-22T13:42:52","slug":"beispiel-seite","status":"publish","type":"page","link":"https:\/\/svs-eisleben.de\/","title":{"rendered":"\u00fcber uns"},"content":{"rendered":"<h1>Willkommen auf der Homepage von Special Vehicle Service Eisleben.<\/h1>\n<p>Unsere Firma wurde am 04.06.2018 als Meisterbetrieb gegr\u00fcndet. Die St\u00e4rke und Kompetenz liegt in dem fachm\u00e4nnischen Um- und Ausbau von Serienfahrzeugen zu Sonderfahrzeugen. Hierzu k\u00f6nnen wir auf eine lange Berufserfahrung in diesen Bereich zur\u00fcckblicken. Durch stetige Weiterbildungen halten wir unser Wissen aktuell.<\/p>\n\n\n<p>Wir sind Ihr qualifizierter Ansprechpartner f\u00fcr:<\/p>\n\n\n\n<ul class=\"wp-block-list\"><li> Sondersignaltechnik <\/li><li> Fahrzeugfunktechnik (BOS\/ Zivil)<\/li><li> Batteriemanagement <\/li><li> Kundenspezifische Regaleinbauten\/ Ladungssicherungssysteme <\/li><li> Zusatzbeleuchtung Innen\/ Au\u00dfen <\/li><li> Um- und Ausbau von Spezialfahrzeugen <\/li><li> Fl\u00e4chen- und Teilfolierung sowie Warnmarkierungen <\/li><li>Unfalldatenspeicher<\/li><li>rescue track Einbauten<\/li><\/ul>\n","protected":false},"excerpt":{"rendered":"<p>Willkommen auf der Homepage von Special Vehicle Service Eisleben. Unsere Firma wurde am 04.06.2018 als Meisterbetrieb gegr\u00fcndet. Die St\u00e4rke und Kompetenz liegt in dem fachm\u00e4nnischen Um- und Ausbau von Serienfahrzeugen zu Sonderfahrzeugen. Hierzu k\u00f6nnen wir auf eine lange Berufserfahrung in diesen Bereich zur\u00fcckblicken. Durch stetige Weiterbildungen halten wir unser Wissen aktuell. Wir sind Ihr qualifizierter &hellip; <\/p>\n<p class=\"link-more\"><a href=\"https:\/\/svs-eisleben.de\/\" class=\"more-link\"><span class=\"screen-reader-text\">\u201e\u00fcber uns\u201c <\/span>weiterlesen<\/a><\/p>\n","protected":false},"author":1,"featured_media":0,"parent":0,"menu_order":0,"comment_status":"closed","ping_status":"open","template":"","meta":{"ngg_post_thumbnail":0,"footnotes":""},"class_list":["post-2","page","type-page","status-publish","hentry"],"_links":{"self":[{"href":"https:\/\/svs-eisleben.de\/index.php\/wp-json\/wp\/v2\/pages\/2","targetHints":{"allow":["GET"]}}],"collection":[{"href":"https:\/\/svs-eisleben.de\/index.php\/wp-json\/wp\/v2\/pages"}],"about":[{"href":"https:\/\/svs-eisleben.de\/index.php\/wp-json\/wp\/v2\/types\/page"}],"author":[{"embeddable":true,"href":"https:\/\/svs-eisleben.de\/index.php\/wp-json\/wp\/v2\/users\/1"}],"replies":[{"embeddable":true,"href":"https:\/\/svs-eisleben.de\/index.php\/wp-json\/wp\/v2\/comments?post=2"}],"version-history":[{"count":10,"href":"https:\/\/svs-eisleben.de\/index.php\/wp-json\/wp\/v2\/pages\/2\/revisions"}],"predecessor-version":[{"id":636,"href":"https:\/\/svs-eisleben.de\/index.php\/wp-json\/wp\/v2\/pages\/2\/revisions\/636"}],"wp:attachment":[{"href":"https:\/\/svs-eisleben.de\/index.php\/wp-json\/wp\/v2\/media?parent=2"}],"curies":[{"name":"wp","href":"https:\/\/api.w.org\/{rel}","templated":true}]}}